{"id":4848,"date":"2023-07-10T15:19:50","date_gmt":"2023-07-10T18:19:50","guid":{"rendered":"https:\/\/deqlaw.atelie.dev.br\/team\/roberto-de-la-laina\/"},"modified":"2025-01-23T05:51:20","modified_gmt":"2025-01-23T08:51:20","slug":"roberto-la-laina","status":"publish","type":"page","link":"https:\/\/www.deqlaw.com.br\/en\/profissionais\/roberto-la-laina\/","title":{"rendered":"Roberto La Laina"},"content":{"rendered":"<p><section id=\"bt_bb_section69f4b90371756\" class=\"bt_bb_section bt_bb_layout_boxed_1200 bt_bb_vertical_align_top bt_bb_top_spacing_large bt_bb_bottom_spacing_large\"  data-bt-override-class=\"null\"><div class=\"bt_bb_background_image_holder_wrapper\"><div class=\"bt_bb_background_image_holder btLazyLoadBackground bt_bb_parallax\"  data-background_image_src=\"https:\/\/www.deqlaw.com.br\/wp-content\/uploads\/2023\/08\/grafismo-1.jpg\" data-parallax=\"0.7\" data-parallax-offset=\"0\" data-parallax-zoom-start=\"1\" data-parallax-zoom-end=\"1\" data-parallax-blur-start=\"0\" data-parallax-blur-end=\"0\" data-parallax-opacity-start=\"1\" data-parallax-opacity-end=\"1\" style=\" background-image: url(&#039;https:\/\/deqlaw.com.br\/wp-content\/plugins\/bold-page-builder\/img\/blank.gif&#039;);\"><\/div><\/div><div class=\"bt_bb_port\"><div class=\"bt_bb_cell\"><div class=\"bt_bb_cell_inner\"><div class=\"bt_bb_row \"  data-bt-override-class=\"{}\"><div class=\"bt_bb_row_holder\" ><div  class=\"bt_bb_column col-xl-12 bt_bb_align_center bt_bb_padding_normal\"  data-width=\"12\" data-bt-override-class=\"{}\"><div class=\"bt_bb_column_content bt_bb_vertical_align_top bt_bb_color_scheme_\"><div class=\"bt_bb_column_content_inner\"><div class=\"bt_bb_separator bt_bb_border_style_none bt_bb_top_spacing_normal bt_bb_bottom_spacing_medium bt_bb_hidden_xs bt_bb_hidden_ms bt_bb_hidden_sm\" data-bt-override-class=\"null\"><\/div><header class=\"bt_bb_headline bt_bb_subheadline_text_transform_default bt_bb_color_scheme_1 bt_bb_dash_none bt_bb_size_extralarge bt_bb_align_inherit\" style=\"; --primary-color:#ffffff; --secondary-color:#191919;\" data-bt-override-class=\"{&quot;bt_bb_size_&quot;:{&quot;current_class&quot;:&quot;bt_bb_size_extralarge&quot;,&quot;def&quot;:&quot;extralarge&quot;,&quot;xl&quot;:&quot;extralarge&quot;},&quot;bt_bb_align_&quot;:{&quot;current_class&quot;:&quot;bt_bb_align_inherit&quot;,&quot;def&quot;:&quot;inherit&quot;,&quot;xl&quot;:&quot;inherit&quot;}}\"><h3 class=\"bt_bb_headline_tag\"><span class=\"bt_bb_headline_content\"><span>Roberto La Laina<br \/><br \/>\n<\/span><\/span><\/h3><\/header><div class=\"bt_bb_separator bt_bb_border_style_none bt_bb_bottom_spacing_large bt_bb_hidden_xs bt_bb_hidden_ms bt_bb_hidden_sm\" data-bt-override-class=\"null\"><\/div><\/div><\/div><\/div><\/div><\/div><\/div><!-- cell_inner --><\/div><!-- cell --><\/div><!-- port --><\/section><section id=\"bt_bb_section69f4b90371f82\" class=\"bt_bb_section bt_bb_layout_wide bt_bb_vertical_align_top bt_bb_negative_margin_large\"  data-bt-override-class=\"null\"><div class=\"bt_bb_port\"><div class=\"bt_bb_cell\"><div class=\"bt_bb_cell_inner\"><div class=\"bt_bb_row  bt_bb_layout_special btOverlapRight\"  data-bt-override-class=\"{}\"><div class=\"bt_bb_row_holder\" ><div  class=\"bt_bb_column col-xl-6 col-xs-12 col-sm-12 col-md-12 col-lg-6 bt_bb_align_left bt_bb_padding_normal\"  data-width=\"6\" data-bt-override-class=\"{&quot;bt_bb_align_&quot;:{&quot;current_class&quot;:&quot;bt_bb_align_left&quot;,&quot;def&quot;:&quot;left&quot;,&quot;xl&quot;:&quot;left&quot;},&quot;bt_bb_padding_&quot;:{&quot;current_class&quot;:&quot;bt_bb_padding_normal&quot;,&quot;def&quot;:&quot;normal&quot;,&quot;xl&quot;:&quot;normal&quot;}}\"><div class=\"bt_bb_column_content bt_bb_vertical_align_top bt_bb_color_scheme_ bt_bb_column_background_image\" style=\"background-image:url(&#039;https:\/\/www.deqlaw.com.br\/wp-content\/uploads\/2023\/08\/team-rl.jpg&#039;);\"><div class=\"bt_bb_column_content_inner\"><div class=\"bt_bb_separator bt_bb_border_style_none bt_bb_bottom_spacing_extra_large\" data-bt-override-class=\"null\"><\/div><\/div><\/div><\/div><div  class=\"bt_bb_column col-xl-6 col-xs-12 col-sm-12 col-md-12 col-lg-6 btWithIcon bt_bb_align_left bt_bb_icon_color_scheme_6 bt_bb_padding_normal\" style=\"; --column-icon-primary-color:#ffffff; --column-icon-secondary-color:#cb8569;\" data-width=\"6\" data-bt-override-class=\"{}\"><div class=\"bt_bb_column_content bt_bb_vertical_align_top bt_bb_color_scheme_\"><div class=\"bt_bb_column_icon\"><span  data-ico-icon7stroke=\"&#xe68f;\" class=\"bt_bb_icon_holder\"><\/span><\/div><div class=\"bt_bb_column_content_inner\"><header data-bb-version=\"4.8.4\" class=\"bt_bb_headline bt_bb_subheadline_text_transform_default bt_bb_color_scheme_14 bt_bb_dash_none bt_bb_size_normal bt_bb_align_inherit\" style=\"; --primary-color:#33375c; --secondary-color:#cb8569;\" data-bt-override-class=\"{&quot;bt_bb_size_&quot;:{&quot;current_class&quot;:&quot;bt_bb_size_normal&quot;,&quot;def&quot;:&quot;normal&quot;},&quot;bt_bb_align_&quot;:{&quot;current_class&quot;:&quot;bt_bb_align_inherit&quot;,&quot;def&quot;:&quot;inherit&quot;}}\"><h3 class=\"bt_bb_headline_tag\"><span class=\"bt_bb_headline_content\"><span>Roberto La Laina<\/span><\/span><\/h3><\/header><div class=\"bt_bb_separator bt_bb_border_style_none bt_bb_bottom_spacing_small\" data-bt-override-class=\"null\"><\/div><header class=\"bt_bb_headline bt_bb_subheadline_text_transform_default bt_bb_color_scheme_5 bt_bb_dash_none bt_bb_superheadline bt_bb_size_normal bt_bb_align_inherit btNoHeadline\" style=\"; --primary-color:#191919; --secondary-color:#cb8569;\" data-bt-override-class=\"{&quot;bt_bb_size_&quot;:{&quot;current_class&quot;:&quot;bt_bb_size_normal&quot;,&quot;def&quot;:&quot;normal&quot;,&quot;xl&quot;:&quot;normal&quot;},&quot;bt_bb_align_&quot;:{&quot;current_class&quot;:&quot;bt_bb_align_inherit&quot;,&quot;def&quot;:&quot;inherit&quot;,&quot;xl&quot;:&quot;inherit&quot;}}\"><h4 class=\"bt_bb_headline_tag\"><span class=\"bt_bb_headline_superheadline\">Consultant<\/span><\/h4><\/header><div class=\"bt_bb_separator bt_bb_border_style_none bt_bb_top_spacing_normal bt_bb_bottom_spacing_normal\" data-bt-override-class=\"{&quot;bt_bb_top_spacing_&quot;:{&quot;current_class&quot;:&quot;bt_bb_top_spacing_normal&quot;,&quot;def&quot;:&quot;normal&quot;,&quot;xl&quot;:&quot;normal&quot;},&quot;bt_bb_bottom_spacing_&quot;:{&quot;current_class&quot;:&quot;bt_bb_bottom_spacing_normal&quot;,&quot;def&quot;:&quot;normal&quot;,&quot;xl&quot;:&quot;normal&quot;}}\"><\/div><div class=\" bt_bb_row_inner\"   data-bt-override-class=\"{}\"><div class=\"bt_bb_row_inner_holder\"  ><div  class=\"bt_bb_column_inner col-xl-6 col-xs-12 col-sm-6 col-md-6 col-lg-12 bt_bb_align_left bt_bb_vertical_align_top bt_bb_padding_normal\"  data-width=\"6\" data-bt-override-class=\"{}\"><div class=\"bt_bb_column_inner_content\"><div class=\"bt_bb_service bt_bb_color_scheme_14 bt_bb_style_borderless bt_bb_size_normal bt_bb_shape_square bt_bb_target_self bt_bb_align_left bt_bb_title_color_scheme_13\" style=\"; --service-primary-color:#33375c; --service-secondary-color:#cb8569;; --service-title-primary-color:#cb8569; --service-title-secondary-color:#33375c;\" data-bt-override-class=\"{&quot;bt_bb_size_&quot;:{&quot;current_class&quot;:&quot;bt_bb_size_normal&quot;,&quot;def&quot;:&quot;normal&quot;,&quot;xl&quot;:&quot;normal&quot;},&quot;bt_bb_align_&quot;:{&quot;current_class&quot;:&quot;bt_bb_align_left&quot;,&quot;def&quot;:&quot;left&quot;,&quot;xl&quot;:&quot;left&quot;}}\"><a href=\"mailto:rlalaina@deqlaw.com.br\"  target=\"_self\"  title=\"E-MAIL\"  data-ico-icon7stroke=\"&#xe63b;\" class=\"bt_bb_icon_holder\"><\/a><div class=\"bt_bb_service_content\"><a href=\"mailto:rlalaina@deqlaw.com.br\" target=\"_self\"><div class=\"bt_bb_service_content_title\">E-MAIL<\/div><div class=\"bt_bb_service_content_text\">rlalaina@deqlaw.com.br<\/div><\/a><\/div><\/div><div class=\"bt_bb_separator bt_bb_border_style_none bt_bb_top_spacing_none bt_bb_bottom_spacing_normal\" data-bt-override-class=\"{&quot;bt_bb_top_spacing_&quot;:{&quot;current_class&quot;:&quot;bt_bb_top_spacing_none&quot;,&quot;def&quot;:&quot;none&quot;,&quot;xl&quot;:&quot;none&quot;},&quot;bt_bb_bottom_spacing_&quot;:{&quot;current_class&quot;:&quot;bt_bb_bottom_spacing_normal&quot;,&quot;def&quot;:&quot;normal&quot;,&quot;xl&quot;:&quot;normal&quot;}}\"><\/div><div class=\"bt_bb_service bt_bb_color_scheme_14 bt_bb_style_borderless bt_bb_size_normal bt_bb_shape_square bt_bb_target_self bt_bb_align_left bt_bb_title_color_scheme_13\" style=\"; --service-primary-color:#33375c; --service-secondary-color:#cb8569;; --service-title-primary-color:#cb8569; --service-title-secondary-color:#33375c;\" data-bt-override-class=\"{&quot;bt_bb_size_&quot;:{&quot;current_class&quot;:&quot;bt_bb_size_normal&quot;,&quot;def&quot;:&quot;normal&quot;,&quot;xl&quot;:&quot;normal&quot;},&quot;bt_bb_align_&quot;:{&quot;current_class&quot;:&quot;bt_bb_align_left&quot;,&quot;def&quot;:&quot;left&quot;,&quot;xl&quot;:&quot;left&quot;}}\"><span  data-ico-icon7stroke=\"&#xe6b5;\" class=\"bt_bb_icon_holder\"><\/span><div class=\"bt_bb_service_content\"><div class=\"bt_bb_service_content_title\">TELEFONE<\/div><div class=\"bt_bb_service_content_text\">+55 11 5505 2485<\/div><\/div><\/div><div class=\"bt_bb_separator bt_bb_border_style_none bt_bb_bottom_spacing_normal\" data-bt-override-class=\"null\"><\/div><div class=\"bt_bb_service bt_bb_color_scheme_4 bt_bb_style_borderless bt_bb_size_normal bt_bb_shape_square bt_bb_target_blank bt_bb_align_left bt_bb_title_color_scheme_13\" style=\"; --service-primary-color:#cb8569; --service-secondary-color:#ffffff;; --service-title-primary-color:#cb8569; --service-title-secondary-color:#33375c;\" data-bt-override-class=\"{&quot;bt_bb_size_&quot;:{&quot;current_class&quot;:&quot;bt_bb_size_normal&quot;,&quot;def&quot;:&quot;normal&quot;,&quot;xl&quot;:&quot;normal&quot;},&quot;bt_bb_align_&quot;:{&quot;current_class&quot;:&quot;bt_bb_align_left&quot;,&quot;def&quot;:&quot;left&quot;,&quot;xl&quot;:&quot;left&quot;}}\"><a href=\"https:\/\/linkedin.com\/in\/robertol1\"  target=\"_blank\"   data-ico-fontawesome5brands=\"&#xf08c;\" class=\"bt_bb_icon_holder\"><\/a><div class=\"bt_bb_service_content\"><a href=\"https:\/\/linkedin.com\/in\/robertol1\" target=\"_blank\"><\/a><\/div><\/div><div class=\"bt_bb_separator bt_bb_border_style_none bt_bb_bottom_spacing_normal\" data-bt-override-class=\"null\"><\/div><\/div><\/div><div  class=\"bt_bb_column_inner col-xl-6 col-xs-12 col-sm-6 col-md-6 bt_bb_align_left bt_bb_vertical_align_top bt_bb_padding_normal\"  data-width=\"6\" data-bt-override-class=\"{}\"><div class=\"bt_bb_column_inner_content\"><header class=\"bt_bb_headline bt_bb_subheadline_text_transform_default bt_bb_color_scheme_4 bt_bb_dash_none bt_bb_size_small bt_bb_align_inherit\" style=\"; --primary-color:#cb8569; --secondary-color:#ffffff;\" data-bt-override-class=\"{&quot;bt_bb_size_&quot;:{&quot;current_class&quot;:&quot;bt_bb_size_small&quot;,&quot;def&quot;:&quot;small&quot;,&quot;xl&quot;:&quot;small&quot;},&quot;bt_bb_align_&quot;:{&quot;current_class&quot;:&quot;bt_bb_align_inherit&quot;,&quot;def&quot;:&quot;inherit&quot;,&quot;xl&quot;:&quot;inherit&quot;}}\"><h1 class=\"bt_bb_headline_tag\"><span class=\"bt_bb_headline_content\"><span>Practice Areas<\/span><\/span><\/h1><\/header><div class=\"bt_bb_separator bt_bb_border_style_none bt_bb_top_spacing_none bt_bb_bottom_spacing_small\" data-bt-override-class=\"{&quot;bt_bb_top_spacing_&quot;:{&quot;current_class&quot;:&quot;bt_bb_top_spacing_none&quot;,&quot;def&quot;:&quot;none&quot;,&quot;xl&quot;:&quot;none&quot;},&quot;bt_bb_bottom_spacing_&quot;:{&quot;current_class&quot;:&quot;bt_bb_bottom_spacing_small&quot;,&quot;def&quot;:&quot;small&quot;,&quot;xl&quot;:&quot;small&quot;}}\"><\/div><div  class=\"bt_bb_text\" ><\/p>\n<ul>\n<li>Dispute Resolution<\/li>\n<li>Business Contracts<\/li>\n<li>Corporate<\/li>\n<\/ul>\n<p>\n<\/div><div class=\"bt_bb_separator bt_bb_border_style_none bt_bb_top_spacing_normal bt_bb_bottom_spacing_normal bt_bb_color_dark\" data-bt-override-class=\"{&quot;bt_bb_top_spacing_&quot;:{&quot;current_class&quot;:&quot;bt_bb_top_spacing_normal&quot;,&quot;def&quot;:&quot;normal&quot;,&quot;xl&quot;:&quot;normal&quot;},&quot;bt_bb_bottom_spacing_&quot;:{&quot;current_class&quot;:&quot;bt_bb_bottom_spacing_normal&quot;,&quot;def&quot;:&quot;normal&quot;,&quot;xl&quot;:&quot;normal&quot;}}\"><\/div><\/div><\/div><\/div><\/div><\/div><\/div><\/div><\/div><\/div><\/div><!-- cell_inner --><\/div><!-- cell --><\/div><!-- port --><\/section><section id=\"bt_bb_section69f4b90373aac\" class=\"bt_bb_section bt_bb_layout_boxed_1200 bt_bb_vertical_align_top bt_bb_top_spacing_large\"  data-bt-override-class=\"null\"><div class=\"bt_bb_port\"><div class=\"bt_bb_cell\"><div class=\"bt_bb_cell_inner\"><div class=\"bt_bb_row \"  data-bt-override-class=\"{}\"><div class=\"bt_bb_row_holder\" ><div  class=\"bt_bb_column col-xl-12 bt_bb_align_left bt_bb_padding_normal\"  data-width=\"12\" data-bt-override-class=\"{}\"><div class=\"bt_bb_column_content bt_bb_vertical_align_top bt_bb_color_scheme_\"><div class=\"bt_bb_column_content_inner\"><div class=\"bt_bb_accordion bt_bb_color_scheme_14 bt_bb_style_filled bt_bb_shape_square\" style=\"; --accordion-primary-color:#33375c; --accordion-secondary-color:#cb8569;\" data-closed=closed><div class=\"bt_bb_accordion_item\"><div class=\"bt_bb_accordion_item_title\">Professional Experience<\/div><div class=\"bt_bb_accordion_item_content\"><div  class=\"bt_bb_text\" ><\/p>\n<p>Roberto La Laina has a solid academic background and extensive experience in complex deals and disputes. In his more than 25 years practicing law, Roberto has been actively involved in infrastructure projects (energy and oil &amp; gas), engineering, procurement and construction (EPC) contracts and mergers and acquisitions. On the dispute resolution front, Roberto has been the principal lawyer in strategic and business-critical commercial disputes in banking and finance, technology, corporate and the agribusiness sector. Roberto has also been appointed to as an arbitrator in disputes derived relating to infrastructure projects, engineering, procurement and construction (EPC) contracts, mergers and acquisitions and complex contracts. Roberto\u2019s recent experience includes:<\/p>\n<ul class=\"list\">\n<li>acting as an arbitrator in proceeding under the rules of the Arbitration Council of the State of S\u00e3o Paulo (<em>CAESP<\/em>) involving disputes arising from service contracts between Brazilian manufacturer and exporter and professional services provider relating to transactions for the purchase of electricity in the free market;<\/li>\n<li>assisting information and communication technology company to set up a JV with competing companies, including advising on corporate structure, coordinating due diligence, providing legal opinions, drafting contracts and corporate documents and negotiating corporate reorganisation agreement, shareholders\u2019 agreement and security documents;<\/li>\n<li>acting for listed corporation in the healthcare sector in the acquisition of interests in other businesses, including regulatory aspects and normative acts of the Brazilian Securities Commission (\u201cCVM\u201d);<\/li>\n<li>assisting the prevailing party in leading case seeking annulment of arbitration award and reopening of proceedings due to refusal of arbitrator to decide (<em>non liquet<\/em>) over damages calculations.<\/li>\n<\/ul>\n<p>\n<\/div><div class=\"bt_bb_separator bt_bb_border_style_none bt_bb_bottom_spacing_small\" data-bt-override-class=\"null\"><\/div><\/div><\/div><div class=\"bt_bb_accordion_item\"><div class=\"bt_bb_accordion_item_title\">Education<\/div><div class=\"bt_bb_accordion_item_content\"><div  class=\"bt_bb_text\" ><\/p>\n<ul class=\"list\">\n<li>Master in Civil and Business Law, Law Faculty of Pontifical Catholic University of S\u00e3o Paulo (2014), (\u201cAn overview of the arbitration clause under the context of domestic arbitration proceedings pursuant to the current features applicable to Brazilian civil law\u201d).<\/li>\n<li>Post-Graduation in Regulation and Concessions in the Brazilian Power and Oil &amp; Gas Sectors, Brazilian Institute of Capital Markets. IBMEC Law. Sao Paulo (2002).<\/li>\n<li>Post-Graduate Degree in Corporate and Business Law, Law Faculty of Pontifical Catholic University of S\u00e3o Paulo (1997).<\/li>\n<\/ul>\n<p>\n<\/div><div class=\"bt_bb_separator bt_bb_border_style_none bt_bb_bottom_spacing_small\" data-bt-override-class=\"null\"><\/div><\/div><\/div><div class=\"bt_bb_accordion_item\"><div class=\"bt_bb_accordion_item_title\">Sample Publications<\/div><div class=\"bt_bb_accordion_item_content\"><div  class=\"bt_bb_text\" ><\/p>\n<ul class=\"list\">\n<li>La Laina, R. \u201cA Cl\u00e1usula Compromiss\u00f3ria e Autonomia Negocial\u201d. In: Revista Brasileira de Arbitragem e Media\u00e7\u00e3o: RArb, v. 11, n. 43. p. 129-154, Oct\/Dec. 2014.<\/li>\n<li>La Laina, R. \u201cNeg\u00f3cios Jur\u00eddicos Existenciais \u2013 Novos Desafios\u201d. In: Revista Brasileira de Direito Civil Constitucional e Rela\u00e7\u00f5es de Consumo. 20th ed. (Oct\/Dec. 2013). S\u00e3o Paulo: Fiuza, 2013. p. 229\/263.<\/li>\n<li>La Laina, R. \u201cA Responsabilidade P\u00f3s-Contratual \u2013 como express\u00e3o de Eticidade e Socialidade\u201d. In: Revista Brasileira de Direito Civil Constitucional. 15th ed. (Jul\/Sep. 2012). S\u00e3o Paulo: Fiuza, 2012. p. 141\/182.<\/li>\n<li>La Laina, R. \u201cConsidera\u00e7\u00f5es pr\u00e1ticas sobre os Contratos EPC no Brasil\u201d. In: L&amp;C (Licita\u00e7\u00e3o e Contratos) \u2013 Revista de Administra\u00e7\u00e3o P\u00fablica e Pol\u00edtica. Ano XIV, No. 160. Bras\u00edlia: Consulex, Oct. 2011.<\/li>\n<\/ul>\n<p>\n<\/div><div class=\"bt_bb_separator bt_bb_border_style_none bt_bb_bottom_spacing_small\" data-bt-override-class=\"null\"><\/div><\/div><\/div><div class=\"bt_bb_accordion_item\"><div class=\"bt_bb_accordion_item_title\">Admissions and Professional Memberships<\/div><div class=\"bt_bb_accordion_item_content\"><div  class=\"bt_bb_text\" ><\/p>\n<ul class=\"list\">\n<li>Brazilian Bar Association \u2013 S\u00e3o Paulo (OAB\/SP)<\/li>\n<\/ul>\n<p>\n<\/div><div class=\"bt_bb_separator bt_bb_border_style_none bt_bb_bottom_spacing_small\" data-bt-override-class=\"null\"><\/div><\/div><\/div><div class=\"bt_bb_accordion_item\"><div class=\"bt_bb_accordion_item_title\">Languages<\/div><div class=\"bt_bb_accordion_item_content\"><div  class=\"bt_bb_text\" ><\/p>\n<ul class=\"list\">\n<li>Portuguese (fluent)<\/li>\n<li>English (fluent)<\/li>\n<li>Spanish (basic)<\/li>\n<\/ul>\n<p>\n<\/div><div class=\"bt_bb_separator bt_bb_border_style_none bt_bb_bottom_spacing_small\" data-bt-override-class=\"null\"><\/div><\/div><\/div><\/div><div class=\"bt_bb_separator bt_bb_border_style_none bt_bb_bottom_spacing_medium\" data-bt-override-class=\"null\"><\/div><\/div><\/div><\/div><\/div><\/div><\/div><!-- cell_inner --><\/div><!-- cell --><\/div><!-- port --><\/section><\/p>\n","protected":false},"excerpt":{"rendered":"","protected":false},"author":6,"featured_media":0,"parent":4403,"menu_order":0,"comment_status":"closed","ping_status":"closed","template":"","meta":{"footnotes":""},"class_list":["post-4848","page","type-page","status-publish","hentry"],"yoast_head":"<!-- This site is optimized with the Yoast SEO plugin v27.5 - https:\/\/yoast.com\/product\/yoast-seo-wordpress\/ -->\n<title>Roberto La Laina - D&amp;Q Lawyers<\/title>\n<meta name=\"robots\" content=\"index, follow, max-snippet:-1, max-image-preview:large, max-video-preview:-1\" \/>\n<link rel=\"canonical\" href=\"https:\/\/deqlaw.com.br\/en\/profissionais\/roberto-la-laina\/\" \/>\n<meta property=\"og:locale\" content=\"en_US\" \/>\n<meta property=\"og:type\" content=\"article\" \/>\n<meta property=\"og:title\" content=\"Roberto La Laina - D&amp;Q Lawyers\" \/>\n<meta property=\"og:url\" content=\"https:\/\/deqlaw.com.br\/en\/profissionais\/roberto-la-laina\/\" \/>\n<meta property=\"og:site_name\" content=\"D&amp;Q Lawyers\" \/>\n<meta property=\"article:modified_time\" content=\"2025-01-23T08:51:20+00:00\" \/>\n<meta name=\"twitter:card\" content=\"summary_large_image\" \/>\n<meta name=\"twitter:label1\" content=\"Est. reading time\" \/>\n\t<meta name=\"twitter:data1\" content=\"10 minutes\" \/>\n<script type=\"application\/ld+json\" class=\"yoast-schema-graph\">{\"@context\":\"https:\\\/\\\/schema.org\",\"@graph\":[{\"@type\":\"WebPage\",\"@id\":\"https:\\\/\\\/deqlaw.com.br\\\/en\\\/profissionais\\\/roberto-la-laina\\\/\",\"url\":\"https:\\\/\\\/deqlaw.com.br\\\/en\\\/profissionais\\\/roberto-la-laina\\\/\",\"name\":\"Roberto La Laina - D&amp;Q Lawyers\",\"isPartOf\":{\"@id\":\"https:\\\/\\\/deqlaw.com.br\\\/en\\\/#website\"},\"datePublished\":\"2023-07-10T18:19:50+00:00\",\"dateModified\":\"2025-01-23T08:51:20+00:00\",\"breadcrumb\":{\"@id\":\"https:\\\/\\\/deqlaw.com.br\\\/en\\\/profissionais\\\/roberto-la-laina\\\/#breadcrumb\"},\"inLanguage\":\"en-US\",\"potentialAction\":[{\"@type\":\"ReadAction\",\"target\":[\"https:\\\/\\\/deqlaw.com.br\\\/en\\\/profissionais\\\/roberto-la-laina\\\/\"]}]},{\"@type\":\"BreadcrumbList\",\"@id\":\"https:\\\/\\\/deqlaw.com.br\\\/en\\\/profissionais\\\/roberto-la-laina\\\/#breadcrumb\",\"itemListElement\":[{\"@type\":\"ListItem\",\"position\":1,\"name\":\"Home\",\"item\":\"https:\\\/\\\/deqlaw.com.br\\\/en\\\/\"},{\"@type\":\"ListItem\",\"position\":2,\"name\":\"Team\",\"item\":\"https:\\\/\\\/deqlaw.com.br\\\/en\\\/profissionais\\\/\"},{\"@type\":\"ListItem\",\"position\":3,\"name\":\"Roberto La Laina\"}]},{\"@type\":\"WebSite\",\"@id\":\"https:\\\/\\\/deqlaw.com.br\\\/en\\\/#website\",\"url\":\"https:\\\/\\\/deqlaw.com.br\\\/en\\\/\",\"name\":\"D&amp;Q Lawyers\",\"description\":\"\",\"potentialAction\":[{\"@type\":\"SearchAction\",\"target\":{\"@type\":\"EntryPoint\",\"urlTemplate\":\"https:\\\/\\\/deqlaw.com.br\\\/en\\\/?s={search_term_string}\"},\"query-input\":{\"@type\":\"PropertyValueSpecification\",\"valueRequired\":true,\"valueName\":\"search_term_string\"}}],\"inLanguage\":\"en-US\"}]}<\/script>\n<!-- \/ Yoast SEO plugin. -->","yoast_head_json":{"title":"Roberto La Laina - D&amp;Q Lawyers","robots":{"index":"index","follow":"follow","max-snippet":"max-snippet:-1","max-image-preview":"max-image-preview:large","max-video-preview":"max-video-preview:-1"},"canonical":"https:\/\/deqlaw.com.br\/en\/profissionais\/roberto-la-laina\/","og_locale":"en_US","og_type":"article","og_title":"Roberto La Laina - D&amp;Q Lawyers","og_url":"https:\/\/deqlaw.com.br\/en\/profissionais\/roberto-la-laina\/","og_site_name":"D&amp;Q Lawyers","article_modified_time":"2025-01-23T08:51:20+00:00","twitter_card":"summary_large_image","twitter_misc":{"Est. reading time":"10 minutes"},"schema":{"@context":"https:\/\/schema.org","@graph":[{"@type":"WebPage","@id":"https:\/\/deqlaw.com.br\/en\/profissionais\/roberto-la-laina\/","url":"https:\/\/deqlaw.com.br\/en\/profissionais\/roberto-la-laina\/","name":"Roberto La Laina - D&amp;Q Lawyers","isPartOf":{"@id":"https:\/\/deqlaw.com.br\/en\/#website"},"datePublished":"2023-07-10T18:19:50+00:00","dateModified":"2025-01-23T08:51:20+00:00","breadcrumb":{"@id":"https:\/\/deqlaw.com.br\/en\/profissionais\/roberto-la-laina\/#breadcrumb"},"inLanguage":"en-US","potentialAction":[{"@type":"ReadAction","target":["https:\/\/deqlaw.com.br\/en\/profissionais\/roberto-la-laina\/"]}]},{"@type":"BreadcrumbList","@id":"https:\/\/deqlaw.com.br\/en\/profissionais\/roberto-la-laina\/#breadcrumb","itemListElement":[{"@type":"ListItem","position":1,"name":"Home","item":"https:\/\/deqlaw.com.br\/en\/"},{"@type":"ListItem","position":2,"name":"Team","item":"https:\/\/deqlaw.com.br\/en\/profissionais\/"},{"@type":"ListItem","position":3,"name":"Roberto La Laina"}]},{"@type":"WebSite","@id":"https:\/\/deqlaw.com.br\/en\/#website","url":"https:\/\/deqlaw.com.br\/en\/","name":"D&amp;Q Lawyers","description":"","potentialAction":[{"@type":"SearchAction","target":{"@type":"EntryPoint","urlTemplate":"https:\/\/deqlaw.com.br\/en\/?s={search_term_string}"},"query-input":{"@type":"PropertyValueSpecification","valueRequired":true,"valueName":"search_term_string"}}],"inLanguage":"en-US"}]}},"_links":{"self":[{"href":"https:\/\/www.deqlaw.com.br\/en\/wp-json\/wp\/v2\/pages\/4848","targetHints":{"allow":["GET"]}}],"collection":[{"href":"https:\/\/www.deqlaw.com.br\/en\/wp-json\/wp\/v2\/pages"}],"about":[{"href":"https:\/\/www.deqlaw.com.br\/en\/wp-json\/wp\/v2\/types\/page"}],"author":[{"embeddable":true,"href":"https:\/\/www.deqlaw.com.br\/en\/wp-json\/wp\/v2\/users\/6"}],"replies":[{"embeddable":true,"href":"https:\/\/www.deqlaw.com.br\/en\/wp-json\/wp\/v2\/comments?post=4848"}],"version-history":[{"count":11,"href":"https:\/\/www.deqlaw.com.br\/en\/wp-json\/wp\/v2\/pages\/4848\/revisions"}],"predecessor-version":[{"id":5441,"href":"https:\/\/www.deqlaw.com.br\/en\/wp-json\/wp\/v2\/pages\/4848\/revisions\/5441"}],"up":[{"embeddable":true,"href":"https:\/\/www.deqlaw.com.br\/en\/wp-json\/wp\/v2\/pages\/4403"}],"wp:attachment":[{"href":"https:\/\/www.deqlaw.com.br\/en\/wp-json\/wp\/v2\/media?parent=4848"}],"curies":[{"name":"wp","href":"https:\/\/api.w.org\/{rel}","templated":true}]}}